{"id":18900,"date":"2021-11-03T18:59:26","date_gmt":"2021-11-03T17:59:26","guid":{"rendered":"https:\/\/thurne.se\/product\/fluid-bed-processor\/"},"modified":"2025-11-06T10:37:37","modified_gmt":"2025-11-06T09:37:37","slug":"procesor-ze-zlozem-fluidalnym","status":"publish","type":"product","link":"https:\/\/thurne.se\/pl\/produkt\/procesor-ze-zlozem-fluidalnym\/","title":{"rendered":"Procesor ze z\u0142o\u017cem fluidalnym"},"content":{"rendered":"<p>[vc_row][vc_column][vc_column_text]Procesor ze z\u0142o\u017cem fluidalnym L\u00f6dige nadaje si\u0119 do:<br \/>\n\u2013 suszenie,<br \/>\n\u2013 instancja,<br \/>\n\u2013 granulacja<br \/>\n\u2013 powlekanie<\/p>\n<p>Procesor dzia\u0142a w trybie wsadowym. Ogrzane powietrze nawiewane jest r\u00f3wnomiernie i rozprowadzane przez specjaln\u0105 p\u0142yt\u0119 pod\u0142ogow\u0105 na produkt, up\u0142ynnia produkt i utrzymuje go na powierzchni. Pomaga to osi\u0105gn\u0105\u0107 doskona\u0142\u0105 transmisj\u0119 ciep\u0142a i wysok\u0105 szybko\u015b\u0107 suszenia. Zintegrowane filtry strumieniowe oddzielaj\u0105 komor\u0119 produktu od komory gazu czystego. Cz\u0105steczki wpadaj\u0105 z powrotem do procesora i pozostaj\u0105 w procesie. Powietrze procesowe opuszcza procesor na p\u0142ycie ko\u0144cowej.[\/vc_column_text][\/vc_column][\/vc_row][vc_row][vc_column][vc_column_text]<\/p>\n<h4>Broszura:<\/h4>\n<p>[\/vc_column_text][\/vc_column][vc_column width=&#8221;1\/3&#8243;][tm_button size=&#8221;lg&#8221; button=&#8221;url:%2Fwp-content%2Fuploads%2F2021%2F10%2FLFP_Fluid_Bed_Processor-200712.pdf|title:BROSZURA|target:_blank&#8221; align=&#8221;center&#8221;][\/vc_column][vc_column width=&#8221;1\/3&#8243;][\/vc_column][vc_column width=&#8221;1\/3&#8243;][\/vc_column][\/vc_row]<\/p>\n","protected":false},"excerpt":{"rendered":"\u2013 Suszenie, granulacja i powlekanie w jednej maszynie.\r\n\u2013 Wysoka elastyczno\u015b\u0107 (25% \u2013 100% obj\u0119to\u015bci efektywnej).\r\n\u2013 Szybka i \u0142atwa wymiana filtra.\r\n\u2013 Proste czyszczenie.\r\nwykonanie przeciwwybuchowe\r\n\u2013 Niestandardowe linie maszynowe.\r\n\u2013 Systemy nadzoru","protected":false},"featured_media":18901,"template":"","meta":[],"product_cat":[803,805,818,864,865,862,863,797,806,853,852,808,800,820,847,854,855,798,832],"product_tag":[],"class_list":{"0":"post-18900","1":"product","2":"type-product","3":"status-publish","4":"has-post-thumbnail","6":"product_cat-chemia","7":"product_cat-chemikalia-specjalistyczne","8":"product_cat-farmacja","9":"product_cat-granulator-5","10":"product_cat-granulator-3","11":"product_cat-granulator-4","12":"product_cat-granulator-2","13":"product_cat-grupy","14":"product_cat-hydrometallurgy-pl","15":"product_cat-mieszanie-proszkow","16":"product_cat-mikser-2","17":"product_cat-rafinerie-i-przemysl-polimerowy","18":"product_cat-rozwiazania","19":"product_cat-sprzet-do-obslugi-proszku","20":"product_cat-suszenie-2","21":"product_cat-systemy-procesowe-3","22":"product_cat-technologia-reakcji-3","23":"product_cat-wedlug-branz","24":"product_cat-zywnosc-i-napoje","25":"pa_supplier-lodige-pl","27":"first","28":"instock","29":"shipping-taxable","30":"purchasable","31":"product-type-simple"},"_links":{"self":[{"href":"https:\/\/thurne.se\/pl\/wp-json\/wp\/v2\/product\/18900","targetHints":{"allow":["GET"]}}],"collection":[{"href":"https:\/\/thurne.se\/pl\/wp-json\/wp\/v2\/product"}],"about":[{"href":"https:\/\/thurne.se\/pl\/wp-json\/wp\/v2\/types\/product"}],"wp:featuredmedia":[{"embeddable":true,"href":"https:\/\/thurne.se\/pl\/wp-json\/wp\/v2\/media\/18901"}],"wp:attachment":[{"href":"https:\/\/thurne.se\/pl\/wp-json\/wp\/v2\/media?parent=18900"}],"wp:term":[{"taxonomy":"product_cat","embeddable":true,"href":"https:\/\/thurne.se\/pl\/wp-json\/wp\/v2\/product_cat?post=18900"},{"taxonomy":"product_tag","embeddable":true,"href":"https:\/\/thurne.se\/pl\/wp-json\/wp\/v2\/product_tag?post=18900"}],"curies":[{"name":"wp","href":"https:\/\/api.w.org\/{rel}","templated":true}]}}