{"id":18896,"date":"2021-11-03T18:59:26","date_gmt":"2021-11-03T17:59:26","guid":{"rendered":"https:\/\/thurne.se\/product\/granulation-dryer-for-continuous-operation\/"},"modified":"2025-05-26T14:29:58","modified_gmt":"2025-05-26T12:29:58","slug":"suszarka-granulacyjna-do-pracy-ciaglej","status":"publish","type":"product","link":"https:\/\/thurne.se\/pl\/produkt\/suszarka-granulacyjna-do-pracy-ciaglej\/","title":{"rendered":"Suszarka granulacyjna do pracy ci\u0105g\u0142ej"},"content":{"rendered":"<p>[vc_row][vc_column][vc_column_text]Suszarnia do granulacji przeznaczona jest do pracy ci\u0105g\u0142ej. Unikaln\u0105 w\u0142a\u015bciwo\u015bci\u0105 tej suszarki jest po\u0142\u0105czenie suszenia konwekcyjnego i kontaktowego. Dostosowanie czasu retencji do konkretnego procesu zapewnia suszenie produkt\u00f3w w niskich temperaturach, czyli delikatnie. Jednocze\u015bnie mo\u017cna uzyska\u0107 doskona\u0142\u0105 granulacj\u0119 produktu ko\u0144cowego. Suszarnia do ci\u0105g\u0142ej granulacji szczeg\u00f3lnie nadaje si\u0119 do suszenia i formu\u0142owania produktu z substancji o problematycznej charakterystyce p\u0142yni\u0119cia i zmieniaj\u0105cej si\u0119 konsystencji (proces wielofazowy).<\/p>\n<p>Opracowujemy rozwi\u0105zania dostosowane do indywidualnych potrzeb, idealnie dostosowane i zoptymalizowane pod k\u0105tem Twojego zastosowania i produktu oraz zaprojektowane do d\u0142ugotrwa\u0142ego stosowania w produkcji dla ka\u017cdego Twojego zadania. Sp\u00f3jny projekt procesu i rozbudowana in\u017cynieria gwarantuj\u0105 ekonomiczne rozwi\u0105zanie ca\u0142o\u015bciowe.<\/p>\n<p>Suszarka do granulacji wykorzystuje proces mieszania i p\u0142yn\u00f3w wprowadzony przez L\u00f6dige do przemys\u0142owej technologii mieszania, co oznacza, \u017ce \u200b\u200bwykorzystuje ca\u0142e mechanicznie wytworzone z\u0142o\u017ce fluidalne do wspomagania procesu suszenia.<\/p>\n<p>Ten intensywny efekt mieszania oddziela cz\u0105stki w z\u0142o\u017cu fluidalnym, tworz\u0105c w ten spos\u00f3b du\u017c\u0105 powierzchni\u0119 produktu i zapobiegaj\u0105c powstawaniu gradient\u00f3w temperatury i wilgoci w z\u0142o\u017cu produktu. Prowadzi to do znacznego zwi\u0119kszenia wymiany ciep\u0142a poprzez nagrzane \u015bcianki b\u0119bna.<\/p>\n<p>Na zachowanie produktu podczas suszenia ma wp\u0142yw geometria narz\u0119dzia mieszaj\u0105cego i siekacze obracaj\u0105ce si\u0119 z du\u017c\u0105 pr\u0119dko\u015bci\u0105, kt\u00f3r\u0105 mo\u017cna w\u0142\u0105czy\u0107 opcjonalnie; mo\u017cna je wykorzysta\u0107 do kontrolowania \u015bredniego czasu retencji produktu i rozk\u0142adu czasu retencji. Dzi\u0119ki temu mo\u017cliwe jest osi\u0105gni\u0119cie okre\u015blonego rozk\u0142adu wielko\u015bci ziaren podczas proces\u00f3w granulacji.<\/p>\n<p>System pozwala zar\u00f3wno na suszenie kontaktowe pod normalnym ci\u015bnieniem lub w atmosferze oboj\u0119tnej, jak i suszenie konwekcyjne\/kontaktowe w przep\u0142ywie wsp\u00f3\u0142pr\u0105dowym i przeciwpr\u0105dowym.<\/p>\n<p>Energia cieplna jest doprowadzana poprzez powierzchnie p\u0142aszcza i gazy o wysokiej temperaturze.[\/vc_column_text][\/vc_column][\/vc_row]<\/p>\n","protected":false},"excerpt":{"rendered":"\u2013 Po\u0142\u0105czenie suszenia konwekcyjnego i kontaktowego.\r\n\u2013 Zarz\u0105dzanie procesami w niskich temperaturach.\r\n\u2013 Delikatna obr\u00f3bka produktu.\r\n\u2013 Mo\u017cliwo\u015b\u0107 jednoczesnej granulacji produktu.\r\n\u2013 niezawodna powtarzalno\u015b\u0107 producktu\r\n\u2013 Przydatne podczas proces\u00f3w szlifowania\r\n\u2013 Wysoka wydajno\u015b\u0107 systemu.","protected":false},"featured_media":18897,"template":"","meta":[],"product_cat":[803,805,818,797,806,853,852,808,800,820,861,858,859,860,847,854,855,798,832],"product_tag":[],"class_list":{"0":"post-18896","1":"product","2":"type-product","3":"status-publish","4":"has-post-thumbnail","6":"product_cat-chemia","7":"product_cat-chemikalia-specjalistyczne","8":"product_cat-farmacja","9":"product_cat-grupy","10":"product_cat-hydrometallurgy-pl","11":"product_cat-mieszanie-proszkow","12":"product_cat-mikser-2","13":"product_cat-rafinerie-i-przemysl-polimerowy","14":"product_cat-rozwiazania","15":"product_cat-sprzet-do-obslugi-proszku","16":"product_cat-suszarka-4","17":"product_cat-suszarka-5","18":"product_cat-suszarka-3","19":"product_cat-suszarka-2","20":"product_cat-suszenie-2","21":"product_cat-systemy-procesowe-3","22":"product_cat-technologia-reakcji-3","23":"product_cat-wedlug-branz","24":"product_cat-zywnosc-i-napoje","25":"pa_supplier-lodige-pl","27":"first","28":"instock","29":"shipping-taxable","30":"purchasable","31":"product-type-simple"},"_links":{"self":[{"href":"https:\/\/thurne.se\/pl\/wp-json\/wp\/v2\/product\/18896","targetHints":{"allow":["GET"]}}],"collection":[{"href":"https:\/\/thurne.se\/pl\/wp-json\/wp\/v2\/product"}],"about":[{"href":"https:\/\/thurne.se\/pl\/wp-json\/wp\/v2\/types\/product"}],"wp:featuredmedia":[{"embeddable":true,"href":"https:\/\/thurne.se\/pl\/wp-json\/wp\/v2\/media\/18897"}],"wp:attachment":[{"href":"https:\/\/thurne.se\/pl\/wp-json\/wp\/v2\/media?parent=18896"}],"wp:term":[{"taxonomy":"product_cat","embeddable":true,"href":"https:\/\/thurne.se\/pl\/wp-json\/wp\/v2\/product_cat?post=18896"},{"taxonomy":"product_tag","embeddable":true,"href":"https:\/\/thurne.se\/pl\/wp-json\/wp\/v2\/product_tag?post=18896"}],"curies":[{"name":"wp","href":"https:\/\/api.w.org\/{rel}","templated":true}]}}