{"id":18893,"date":"2021-11-03T18:59:20","date_gmt":"2021-11-03T17:59:20","guid":{"rendered":"https:\/\/thurne.se\/product\/continuous-hygienic-design\/"},"modified":"2025-05-26T13:28:41","modified_gmt":"2025-05-26T11:28:41","slug":"konstrukcja-higieniczna-ciagla","status":"publish","type":"product","link":"https:\/\/thurne.se\/pl\/produkt\/konstrukcja-higieniczna-ciagla\/","title":{"rendered":"Konstrukcja higieniczna ci\u0105g\u0142a"},"content":{"rendered":"<p>[vc_row][vc_column][vc_column_text]\u0141opaty lemieszowe w specjalnym u\u0142o\u017ceniu na wale mieszaj\u0105cym w poziomym, cylindrycznym b\u0119bnie obracaj\u0105 si\u0119 blisko \u015bciany. Ich pr\u0119dko\u015b\u0107 obwodowa i kszta\u0142t geometryczny s\u0105 tak skoordynowane, \u017ce mieszanka jest przemieszczana ze z\u0142o\u017ca produktu wbrew sile od\u015brodkowej i jednocze\u015bnie w kierunku osiowym. Ponadto kszta\u0142t \u0142opatek unosi cz\u0105steczki produktu ze \u015bcianki b\u0119bna. Elementy mieszaj\u0105ce o okre\u015blonym kszta\u0142cie i specjalnym rozmieszczeniu na wale zapewniaj\u0105 nie tylko niezawodny transport produktu, ale tak\u017ce wystarczaj\u0105ce ponowne jego wymieszanie. Powsta\u0142e w ten spos\u00f3b tzw. \u201emechaniczne\u201d z\u0142o\u017ce fluidalne, w kt\u00f3rym ca\u0142y produkt jest stale zaanga\u017cowany w proces, zapewnia maksymaln\u0105 intensywno\u015b\u0107 mieszania nawet przy najwy\u017cszych przepustowo\u015bciach oraz najkr\u00f3tsze czasy przebywania do momentu wy\u0142adowania produktu z mieszalnika poprzez wylot. Produkt wewn\u0105trz maszyny przemieszcza si\u0119 od wlotu do wylotu w spos\u00f3b pielgrzymkowy: dwa kroki do przodu, jeden krok do ty\u0142u.<\/p>\n<p>Proces ci\u0105g\u0142y mo\u017cna prowadzi\u0107 przy poziomach nape\u0142nienia od 20% do 50% bez wp\u0142ywu na jako\u015b\u0107 mieszania. W b\u0119bnie mieszaj\u0105cym mo\u017cna dodatkowo zamontowa\u0107 rozdrabniacze w celu zwi\u0119kszenia turbulencji w procesie mieszania. Zapewnia to r\u00f3wnie\u017c wymieszanie drobnych cz\u0105stek w ma\u0142ej ilo\u015bci i umo\u017cliwia rozproszenie aglomerat\u00f3w produktu i cz\u0105stek pierwotnych.[\/vc_column_text][\/vc_column][\/vc_row][vc_row][vc_column][vc_column_text]<\/p>\n<h4>Broszura:<\/h4>\n<p>[\/vc_column_text][\/vc_column][vc_column width=&#8221;1\/3&#8243;][tm_button size=&#8221;lg&#8221; button=&#8221;url:%2Fwp-content%2Fuploads%2F2021%2F10%2FKM_FOOD_Ploughshare_Food_Mixer_for_continuous_operation-201403.pdf|title:BROSZURA|target:_blank&#8221; align=&#8221;center&#8221;][\/vc_column][vc_column width=&#8221;1\/3&#8243;][\/vc_column][vc_column width=&#8221;1\/3&#8243;][\/vc_column][\/vc_row]<\/p>\n","protected":false},"excerpt":{"rendered":"Opracowujemy rozwi\u0105zania dostosowane do indywidualnych potrzeb, idealnie dostosowane do Twojej aplikacji i produktu.\r\n\u2013 Doskona\u0142a jednorodno\u015b\u0107 produktu ko\u0144cowego\r\n\u2013 Czasy przechowywania\/mieszania i procesy granulacji mo\u017cna dostosowa\u0107 do konkretnego produktu.\r\n\u2013 Delikatna obr\u00f3bka produktu.\r\n\u2013 Sta\u0142a powtarzalno\u015b\u0107.\r\n\u2013 Wysoka dost\u0119pno\u015b\u0107.\r\n\u2013 \u0141atwy dost\u0119p do wszystkich wewn\u0119trznych element\u00f3w mieszalnika.\r\n\u2013 Koncepcja mieszalnika niewymagaj\u0105ca konserwacji.","protected":false},"featured_media":18894,"template":"","meta":[],"product_cat":[803,805,818,797,806,853,851,852,848,849,850,808,800,820,847,854,855,798],"product_tag":[],"class_list":{"0":"post-18893","1":"product","2":"type-product","3":"status-publish","4":"has-post-thumbnail","6":"product_cat-chemia","7":"product_cat-chemikalia-specjalistyczne","8":"product_cat-farmacja","9":"product_cat-grupy","10":"product_cat-hydrometallurgy-pl","11":"product_cat-mieszanie-proszkow","12":"product_cat-mikser-3","13":"product_cat-mikser-2","14":"product_cat-mikser-5","15":"product_cat-mikser","16":"product_cat-mikser-4","17":"product_cat-rafinerie-i-przemysl-polimerowy","18":"product_cat-rozwiazania","19":"product_cat-sprzet-do-obslugi-proszku","20":"product_cat-suszenie-2","21":"product_cat-systemy-procesowe-3","22":"product_cat-technologia-reakcji-3","23":"product_cat-wedlug-branz","24":"pa_supplier-lodige-pl","26":"first","27":"instock","28":"shipping-taxable","29":"purchasable","30":"product-type-simple"},"_links":{"self":[{"href":"https:\/\/thurne.se\/pl\/wp-json\/wp\/v2\/product\/18893","targetHints":{"allow":["GET"]}}],"collection":[{"href":"https:\/\/thurne.se\/pl\/wp-json\/wp\/v2\/product"}],"about":[{"href":"https:\/\/thurne.se\/pl\/wp-json\/wp\/v2\/types\/product"}],"wp:featuredmedia":[{"embeddable":true,"href":"https:\/\/thurne.se\/pl\/wp-json\/wp\/v2\/media\/18894"}],"wp:attachment":[{"href":"https:\/\/thurne.se\/pl\/wp-json\/wp\/v2\/media?parent=18893"}],"wp:term":[{"taxonomy":"product_cat","embeddable":true,"href":"https:\/\/thurne.se\/pl\/wp-json\/wp\/v2\/product_cat?post=18893"},{"taxonomy":"product_tag","embeddable":true,"href":"https:\/\/thurne.se\/pl\/wp-json\/wp\/v2\/product_tag?post=18893"}],"curies":[{"name":"wp","href":"https:\/\/api.w.org\/{rel}","templated":true}]}}