{"id":18888,"date":"2021-11-03T18:59:20","date_gmt":"2021-11-03T17:59:20","guid":{"rendered":"https:\/\/thurne.se\/product\/continuous-liner-head\/"},"modified":"2025-05-26T13:19:12","modified_gmt":"2025-05-26T11:19:12","slug":"glowica-ciagla-liniowa","status":"publish","type":"product","link":"https:\/\/thurne.se\/pl\/produkt\/glowica-ciagla-liniowa\/","title":{"rendered":"G\u0141owica ci\u0105g\u0142a liniowa"},"content":{"rendered":"<p>[vc_row][vc_column][vc_column_text]Obszary zastosowa\u0144:<br \/>\n\u2013 Urz\u0105dzenia wy\u0142adowcze<br \/>\n\u2013 Usuwanie API (aktywnych sk\u0142adnik\u00f3w farmaceutycznych), produkt\u00f3w toksycznych i wysoce reaktywnych<br \/>\n\u2013 Zastosowania w izolatorach i pomieszczeniach czystych<br \/>\n\u2013 podstawowe opakowanie medium<br \/>\n\u2013 Port odpad\u00f3w<br \/>\n\u2013 Transfer produktu<br \/>\n\u2013 Pr\u00f3bkowanie[\/vc_column_text][\/vc_column][\/vc_row][vc_row lg_spacing=&#8221;padding_top:30&#8243;][vc_column][vc_column_text]<\/p>\n<h4>This video shows how the contained powder handling equipment Lugaia SafePort TransferBag is connected to the Fitzpatrick Lab Compaction System (LCS)<\/h4>\n<p>[\/vc_column_text][\/vc_column][\/vc_row][vc_row lg_spacing=&#8221;padding_top:30&#8243;][vc_column][vc_video link=&#8221;https:\/\/www.youtube.com\/watch?v=81od2GF52_E&#8221; el_width=&#8221;60&#8243; align=&#8221;center&#8221;][\/vc_column][\/vc_row][vc_row lg_spacing=&#8221;padding_top:30&#8243;][vc_column][vc_column_text]<\/p>\n<h4>This video demonstrates Continuous Liner System &#8211; CLS<\/h4>\n<p>[\/vc_column_text][\/vc_column][\/vc_row][vc_row lg_spacing=&#8221;padding_top:30&#8243;][vc_column][vc_video link=&#8221;https:\/\/vimeo.com\/995844353&#8243; el_width=&#8221;60&#8243; align=&#8221;center&#8221;][\/vc_column][\/vc_row][vc_row][vc_column][vc_column_text]<\/p>\n<h4>Broszura:<\/h4>\n<p>[\/vc_column_text][\/vc_column][vc_column width=&#8221;1\/3&#8243;][tm_button size=&#8221;lg&#8221; button=&#8221;url:https%3A%2F%2Fthurne.se%2Fwp-content%2Fuploads%2F2021%2F12%2FCLS_8-Seiter_englisch_2.pdf|title:BROSZURA|target:_blank&#8221; align=&#8221;center&#8221;][\/vc_column][vc_column width=&#8221;1\/3&#8243;][\/vc_column][vc_column width=&#8221;1\/3&#8243;][\/vc_column][\/vc_row][vc_row][vc_column][vc_empty_space height=&#8221;30px&#8221;][vc_column_text]<\/p>\n<h4>Wi\u0119cej informacji na stronie producenta:<\/h4>\n<p>[\/vc_column_text][\/vc_column][vc_column width=&#8221;1\/3&#8243;][tm_button size=&#8221;lg&#8221; button=&#8221;url:https%3A%2F%2Fwww.lugaia.ch%2Fen%2Fproducts-solutions%2Fcontinuous-liner-system%2Fthe-lugaia-liner-carrier-system-1|title:PRODUCENT|target:_blank&#8221; align=&#8221;center&#8221;][\/vc_column][vc_column width=&#8221;1\/3&#8243;][\/vc_column][vc_column width=&#8221;1\/3&#8243;][\/vc_column][\/vc_row]<\/p>\n","protected":false},"excerpt":{"rendered":"Z jednej strony no\u015bniki liniowe tworz\u0105 interfejs pomi\u0119dzy wylotem a ci\u0105g\u0142ym pakietem folii i poza tym gwarantuj\u0105 odpowiedni\u0105 obs\u0142ug\u0119 i ochron\u0119. Dla ka\u017cdego zastosowania obowi\u0105zuj\u0105 specyficzne wymagania, kt\u00f3re uwzgl\u0119dnili\u015bmy przy projektowaniu naszych standardowych no\u015bnik\u00f3w. W ten spos\u00f3b mo\u017cemy zapewni\u0107 maksymalne bezpiecze\u0144stwo eksploatacji i \u0142atwo\u015b\u0107 obs\u0142ugi. Opr\u00f3cz standardowych no\u015bnik\u00f3w projektujemy r\u00f3wnie\u017c rozwi\u0105zania niestandardowe, specjalnie dostosowane do Twojego systemu.","protected":false},"featured_media":18889,"template":"","meta":[],"product_cat":[793,803,805,818,797,806,819,812,821,808,800,822,823,810,820,844,813,798],"product_tag":[],"class_list":{"0":"post-18888","1":"product","2":"type-product","3":"status-publish","4":"has-post-thumbnail","6":"product_cat-bioprocesy","7":"product_cat-chemia","8":"product_cat-chemikalia-specjalistyczne","9":"product_cat-farmacja","10":"product_cat-grupy","11":"product_cat-hydrometallurgy-pl","12":"product_cat-obsluga-proszku-2","13":"product_cat-ograniczona-obsluga-proszku","14":"product_cat-procesy-inzynieryjne-do-przetwarzania-proszkow","15":"product_cat-rafinerie-i-przemysl-polimerowy","16":"product_cat-rozwiazania","17":"product_cat-rozwiazania-do-transferu-proszku","18":"product_cat-rozwiazania-do-transferu-proszku-2","19":"product_cat-rozwiazania-w-zakresie-transportu-materialow-sypkich","20":"product_cat-sprzet-do-obslugi-proszku","21":"product_cat-system-folii-ciaglej","22":"product_cat-szczelne-przetwarzanie-produktu-2","23":"product_cat-wedlug-branz","24":"pa_supplier-lugaia-pl","26":"first","27":"instock","28":"shipping-taxable","29":"purchasable","30":"product-type-simple"},"_links":{"self":[{"href":"https:\/\/thurne.se\/pl\/wp-json\/wp\/v2\/product\/18888","targetHints":{"allow":["GET"]}}],"collection":[{"href":"https:\/\/thurne.se\/pl\/wp-json\/wp\/v2\/product"}],"about":[{"href":"https:\/\/thurne.se\/pl\/wp-json\/wp\/v2\/types\/product"}],"wp:featuredmedia":[{"embeddable":true,"href":"https:\/\/thurne.se\/pl\/wp-json\/wp\/v2\/media\/18889"}],"wp:attachment":[{"href":"https:\/\/thurne.se\/pl\/wp-json\/wp\/v2\/media?parent=18888"}],"wp:term":[{"taxonomy":"product_cat","embeddable":true,"href":"https:\/\/thurne.se\/pl\/wp-json\/wp\/v2\/product_cat?post=18888"},{"taxonomy":"product_tag","embeddable":true,"href":"https:\/\/thurne.se\/pl\/wp-json\/wp\/v2\/product_tag?post=18888"}],"curies":[{"name":"wp","href":"https:\/\/api.w.org\/{rel}","templated":true}]}}