{"id":18884,"date":"2021-11-03T18:59:20","date_gmt":"2021-11-03T17:59:20","guid":{"rendered":"https:\/\/thurne.se\/product\/continuous-liner-linerunit\/"},"modified":"2025-05-26T13:14:40","modified_gmt":"2025-05-26T11:14:40","slug":"wkladka-ciagla-linerunit","status":"publish","type":"product","link":"https:\/\/thurne.se\/pl\/produkt\/wkladka-ciagla-linerunit\/","title":{"rendered":"Wk\u0142adka ci\u0105g\u0142a Linerunit"},"content":{"rendered":"<p>[vc_row][vc_column][vc_column_text]Obszary zastosowa\u0144:<br \/>\n\u2013 Urz\u0105dzenia wy\u0142adowcze<br \/>\n\u2013 Usuwanie API (aktywnych sk\u0142adnik\u00f3w farmaceutycznych), produkt\u00f3w toksycznych i wysoce reaktywnych<\/p>\n<p>Zastosowania w izolatorach i pomieszczeniach czystych:<br \/>\n\u2013 podstawowe opakowanie medium<br \/>\n\u2013 Port odpad\u00f3w<br \/>\n\u2013 Transfer produktu<br \/>\n\u2013 Pr\u00f3bkowanie[\/vc_column_text][\/vc_column][\/vc_row][vc_row][vc_column][vc_column_text]<\/p>\n<h4>Broszura:<\/h4>\n<p>[\/vc_column_text][\/vc_column][vc_column width=&#8221;1\/3&#8243;][tm_button size=&#8221;lg&#8221; button=&#8221;url:https%3A%2F%2Fthurne.se%2Fwp-content%2Fuploads%2F2021%2F12%2FCLS_8-Seiter_englisch_2.pdf|title:BROSZURA|target:_blank&#8221; align=&#8221;center&#8221;][\/vc_column][vc_column width=&#8221;1\/3&#8243;][\/vc_column][vc_column width=&#8221;1\/3&#8243;][\/vc_column][\/vc_row][vc_row][vc_column][vc_empty_space height=&#8221;30px&#8221;][vc_column_text]<\/p>\n<h4>Wi\u0119cej informacji na stronie producenta:<\/h4>\n<p>[\/vc_column_text][\/vc_column][vc_column width=&#8221;1\/3&#8243;][tm_button size=&#8221;lg&#8221; button=&#8221;url:https%3A%2F%2Fwww.lugaia.ch%2Fen%2Fproducts-solutions%2Fcontinuous-liner-system|title:PRODUCENT|target:_blank&#8221; align=&#8221;center&#8221;][\/vc_column][vc_column width=&#8221;1\/3&#8243;][\/vc_column][vc_column width=&#8221;1\/3&#8243;][\/vc_column][\/vc_row]<\/p>\n","protected":false},"excerpt":{"rendered":"Ze wzgl\u0119du na bezpiecze\u0144stwo personelu i ochron\u0119 produktu, bardzo skuteczne i popularne jest stosowanie wk\u0142adek ci\u0105g\u0142ych\r\n\r\nZalety:\r\n\u2013 Wysoka ochrona produktu i personelu\r\n\u2013 \u0141atwa obs\u0142uga\r\n\u2013 Rodzaj materia\u0142u dostarczany wed\u0142ug specyfikacji klienta\r\n\u2013 Opcjonalnie do 80 metr\u00f3w na jednostk\u0119","protected":false},"featured_media":18885,"template":"","meta":[],"product_cat":[793,803,805,818,797,806,819,812,821,808,800,822,823,810,820,844,813,824,798],"product_tag":[],"class_list":{"0":"post-18884","1":"product","2":"type-product","3":"status-publish","4":"has-post-thumbnail","6":"product_cat-bioprocesy","7":"product_cat-chemia","8":"product_cat-chemikalia-specjalistyczne","9":"product_cat-farmacja","10":"product_cat-grupy","11":"product_cat-hydrometallurgy-pl","12":"product_cat-obsluga-proszku-2","13":"product_cat-ograniczona-obsluga-proszku","14":"product_cat-procesy-inzynieryjne-do-przetwarzania-proszkow","15":"product_cat-rafinerie-i-przemysl-polimerowy","16":"product_cat-rozwiazania","17":"product_cat-rozwiazania-do-transferu-proszku","18":"product_cat-rozwiazania-do-transferu-proszku-2","19":"product_cat-rozwiazania-w-zakresie-transportu-materialow-sypkich","20":"product_cat-sprzet-do-obslugi-proszku","21":"product_cat-system-folii-ciaglej","22":"product_cat-szczelne-przetwarzanie-produktu-2","23":"product_cat-torby-transferowe","24":"product_cat-wedlug-branz","25":"pa_supplier-lugaia-pl","27":"first","28":"instock","29":"shipping-taxable","30":"purchasable","31":"product-type-simple"},"_links":{"self":[{"href":"https:\/\/thurne.se\/pl\/wp-json\/wp\/v2\/product\/18884","targetHints":{"allow":["GET"]}}],"collection":[{"href":"https:\/\/thurne.se\/pl\/wp-json\/wp\/v2\/product"}],"about":[{"href":"https:\/\/thurne.se\/pl\/wp-json\/wp\/v2\/types\/product"}],"wp:featuredmedia":[{"embeddable":true,"href":"https:\/\/thurne.se\/pl\/wp-json\/wp\/v2\/media\/18885"}],"wp:attachment":[{"href":"https:\/\/thurne.se\/pl\/wp-json\/wp\/v2\/media?parent=18884"}],"wp:term":[{"taxonomy":"product_cat","embeddable":true,"href":"https:\/\/thurne.se\/pl\/wp-json\/wp\/v2\/product_cat?post=18884"},{"taxonomy":"product_tag","embeddable":true,"href":"https:\/\/thurne.se\/pl\/wp-json\/wp\/v2\/product_tag?post=18884"}],"curies":[{"name":"wp","href":"https:\/\/api.w.org\/{rel}","templated":true}]}}