{"id":18881,"date":"2021-11-03T18:59:20","date_gmt":"2021-11-03T17:59:20","guid":{"rendered":"https:\/\/thurne.se\/product\/crusher-dn300\/"},"modified":"2025-05-26T11:27:21","modified_gmt":"2025-05-26T09:27:21","slug":"kruszarka-dn300","status":"publish","type":"product","link":"https:\/\/thurne.se\/pl\/produkt\/kruszarka-dn300\/","title":{"rendered":"Kruszarka DN300"},"content":{"rendered":"<p>[vc_row][vc_column][vc_column_text]Konstrukcja z podw\u00f3jnym \u0142o\u017cyskiem pozwala na delikatne kruszenie nawet twardych produkt\u00f3w i dobrze wsp\u00f3\u0142pracuje z wysokimi kolumnami produkt\u00f3w.[\/vc_column_text][\/vc_column][\/vc_row][vc_row lg_spacing=&#8221;padding_top:30&#8243;][vc_column][vc_column_text]<\/p>\n<h4>Broszura:<\/h4>\n<p>[\/vc_column_text][\/vc_column][vc_column width=&#8221;1\/3&#8243;][tm_button size=&#8221;lg&#8221; button=&#8221;url:%2Fwp-content%2Fuploads%2F2021%2F10%2F0a1e46_272272a4070f4fd4be00838ec459cd41.pdf|title:BROSZURA|target:_blank&#8221; align=&#8221;center&#8221;][\/vc_column][vc_column width=&#8221;1\/3&#8243;][\/vc_column][vc_column width=&#8221;1\/3&#8243;][\/vc_column][\/vc_row][vc_row lg_spacing=&#8221;padding_top:30&#8243;][vc_column][vc_column_text]<\/p>\n<h4>Wi\u0119cej informacji na stronie producenta:<\/h4>\n<p>[\/vc_column_text][\/vc_column][vc_column width=&#8221;1\/3&#8243;][tm_button size=&#8221;lg&#8221; button=&#8221;url:http%3A%2F%2Fwww.dec-group.net%2Fbag-drum-emptying-accessories|title:PRODUCENT|target:_blank&#8221; align=&#8221;center&#8221;][\/vc_column][vc_column width=&#8221;1\/3&#8243;][\/vc_column][vc_column width=&#8221;1\/3&#8243;][\/vc_column][\/vc_row]<\/p>\n","protected":false},"excerpt":{"rendered":"Kruszarka umo\u017cliwia bezpieczn\u0105 i p\u0142ynn\u0105 deaglomeracj\u0119 materia\u0142\u00f3w sypkich, kt\u00f3re maj\u0105 tendencj\u0119 do zag\u0119szczania si\u0119 i tworzenia grudek.","protected":false},"featured_media":18882,"template":"","meta":[],"product_cat":[803,805,838,839,840,818,797,806,827,819,841,808,800,798],"product_tag":[],"class_list":{"0":"post-18881","1":"product","2":"type-product","3":"status-publish","4":"has-post-thumbnail","6":"product_cat-chemia","7":"product_cat-chemikalia-specjalistyczne","8":"product_cat-crusher-pl","9":"product_cat-dry-wet-milling-powder-handling-pl","10":"product_cat-dry-wet-milling-pl","11":"product_cat-farmacja","12":"product_cat-grupy","13":"product_cat-hydrometallurgy-pl","14":"product_cat-milling-and-sieving-pl","15":"product_cat-obsluga-proszku-2","16":"product_cat-powder-processing-equipment-pl","17":"product_cat-rafinerie-i-przemysl-polimerowy","18":"product_cat-rozwiazania","19":"product_cat-wedlug-branz","20":"pa_supplier-dec-pl","22":"first","23":"instock","24":"shipping-taxable","25":"purchasable","26":"product-type-simple"},"_links":{"self":[{"href":"https:\/\/thurne.se\/pl\/wp-json\/wp\/v2\/product\/18881","targetHints":{"allow":["GET"]}}],"collection":[{"href":"https:\/\/thurne.se\/pl\/wp-json\/wp\/v2\/product"}],"about":[{"href":"https:\/\/thurne.se\/pl\/wp-json\/wp\/v2\/types\/product"}],"wp:featuredmedia":[{"embeddable":true,"href":"https:\/\/thurne.se\/pl\/wp-json\/wp\/v2\/media\/18882"}],"wp:attachment":[{"href":"https:\/\/thurne.se\/pl\/wp-json\/wp\/v2\/media?parent=18881"}],"wp:term":[{"taxonomy":"product_cat","embeddable":true,"href":"https:\/\/thurne.se\/pl\/wp-json\/wp\/v2\/product_cat?post=18881"},{"taxonomy":"product_tag","embeddable":true,"href":"https:\/\/thurne.se\/pl\/wp-json\/wp\/v2\/product_tag?post=18881"}],"curies":[{"name":"wp","href":"https:\/\/api.w.org\/{rel}","templated":true}]}}