{"id":18877,"date":"2021-11-03T18:59:20","date_gmt":"2021-11-03T17:59:20","guid":{"rendered":"https:\/\/thurne.se\/product\/cubic-graphite-block-heat-exchanger\/"},"modified":"2025-05-26T11:20:12","modified_gmt":"2025-05-26T09:20:12","slug":"wymiennik-ciepla-z-blokow-grafitowych-szesciennych","status":"publish","type":"product","link":"https:\/\/thurne.se\/pl\/produkt\/wymiennik-ciepla-z-blokow-grafitowych-szesciennych\/","title":{"rendered":"Wymiennik ciep\u0142a z blok\u00f3w grafitowych sze\u015bciennych"},"content":{"rendered":"<p>[vc_row lg_spacing=&#8221;padding_top:30&#8243;][vc_column][vc_video link=&#8221;https:\/\/www.youtube.com\/watch?v=6EshY1BNfZ0&#8243; el_width=&#8221;60&#8243; align=&#8221;center&#8221;][\/vc_column][\/vc_row][vc_row lg_spacing=&#8221;padding_top:30&#8243;][vc_column][vc_column_text]<\/p>\n<h4>Broszura:<\/h4>\n<p>[\/vc_column_text][\/vc_column][vc_column width=&#8221;1\/3&#8243;][tm_button size=&#8221;lg&#8221; button=&#8221;url:%2Fwp-content%2Fuploads%2F2021%2F10%2Face-corrosion-resistant-heat-exchangers-mersen.pdf|title:BROSZURA|target:_blank&#8221; align=&#8221;center&#8221;][\/vc_column][vc_column width=&#8221;1\/3&#8243;][\/vc_column][vc_column width=&#8221;1\/3&#8243;][\/vc_column][\/vc_row][vc_row lg_spacing=&#8221;padding_top:30&#8243;][vc_column][vc_column_text]<\/p>\n<h4>Wi\u0119cej informacji na stronie producenta:<\/h4>\n<p>[\/vc_column_text][\/vc_column][vc_column width=&#8221;1\/3&#8243;][tm_button size=&#8221;lg&#8221; button=&#8221;url:http%3A%2F%2Fwww.mersen.com%2Fproducts%2Fanticorrosion-equipment%2Fheat-exchanger-manufacturer|title:PRODUCENT|target:_blank&#8221; align=&#8221;center&#8221;][\/vc_column][vc_column width=&#8221;1\/3&#8243;][\/vc_column][vc_column width=&#8221;1\/3&#8243;][\/vc_column][\/vc_row]<\/p>\n","protected":false},"excerpt":{"rendered":"Grafitowy wymiennik ciep\u0142a z blokami sze\u015bciennymi jest optymaln\u0105 konstrukcj\u0105 dla p\u0142yn\u00f3w korozyjnych, zar\u00f3wno po stronie procesu, jak i obs\u0142ugi. Jest przystosowany do ogrzewania, ch\u0142odzenia, kondensacji i absorpcji silnie korozyjnych ciek\u0142ych chemikali\u00f3w.","protected":false},"featured_media":18878,"template":"","meta":[],"product_cat":[803,805,835,797,806,800,836,798],"product_tag":[],"class_list":{"0":"post-18877","1":"product","2":"type-product","3":"status-publish","4":"has-post-thumbnail","6":"product_cat-chemia","7":"product_cat-chemikalia-specjalistyczne","8":"product_cat-grafitowy-wymiennik-ciepla","9":"product_cat-grupy","10":"product_cat-hydrometallurgy-pl","11":"product_cat-rozwiazania","12":"product_cat-sprzet-do-wymiany-ciepla","13":"product_cat-wedlug-branz","14":"pa_supplier-mersen-pl","16":"first","17":"instock","18":"shipping-taxable","19":"purchasable","20":"product-type-simple"},"_links":{"self":[{"href":"https:\/\/thurne.se\/pl\/wp-json\/wp\/v2\/product\/18877","targetHints":{"allow":["GET"]}}],"collection":[{"href":"https:\/\/thurne.se\/pl\/wp-json\/wp\/v2\/product"}],"about":[{"href":"https:\/\/thurne.se\/pl\/wp-json\/wp\/v2\/types\/product"}],"wp:featuredmedia":[{"embeddable":true,"href":"https:\/\/thurne.se\/pl\/wp-json\/wp\/v2\/media\/18878"}],"wp:attachment":[{"href":"https:\/\/thurne.se\/pl\/wp-json\/wp\/v2\/media?parent=18877"}],"wp:term":[{"taxonomy":"product_cat","embeddable":true,"href":"https:\/\/thurne.se\/pl\/wp-json\/wp\/v2\/product_cat?post=18877"},{"taxonomy":"product_tag","embeddable":true,"href":"https:\/\/thurne.se\/pl\/wp-json\/wp\/v2\/product_tag?post=18877"}],"curies":[{"name":"wp","href":"https:\/\/api.w.org\/{rel}","templated":true}]}}