{"id":18873,"date":"2021-11-03T18:59:19","date_gmt":"2021-11-03T17:59:19","guid":{"rendered":"https:\/\/thurne.se\/product\/compensator\/"},"modified":"2025-05-26T11:00:38","modified_gmt":"2025-05-26T09:00:38","slug":"kompensator","status":"publish","type":"product","link":"https:\/\/thurne.se\/pl\/produkt\/kompensator\/","title":{"rendered":"Kompensator"},"content":{"rendered":"<p>[vc_row][vc_column][vc_column_text]Kompensatory i mieszki stosowane s\u0105 g\u0142\u00f3wnie do ko\u0144cowego po\u0142\u0105czenia rynien transportowych z urz\u0105dzeniami procesowymi. Posiadamy pe\u0142n\u0105 gam\u0119 oprzyrz\u0105dowania do produkcji kompensator\u00f3w i mieszk\u00f3w o r\u00f3\u017cnych d\u0142ugo\u015bciach i grubo\u015bciach. Dok\u0142adne dopasowania \u015brednicy wewn\u0119trznej kompensatora do zsyp\u00f3w procesowych eliminuje wyst\u0119powanie szczelin czy wyst\u0119p\u00f3w, co zapewnia skuteczne WIP\/CIP bez koniecznosci demonta\u017cu.<\/p>\n<p>Twardo\u015b\u0107 materia\u0142u wynosi od 30 do 75 Shore&#8217;a. Nasz asortyment produkt\u00f3w obejmuje \u015brednice od DN 100 do DN 300 zgodnie z norm\u0105 DIN 32676 do DN 200 i 85 4825 do DN 300. Kompensatory i mieszki s\u0105 standardowo dostarczane z bia\u0142ego i czarnego EPDM i Vitonu zgodnego z FOA. Silikon zatwierdzony przez FDA mo\u017ce by\u0107 dostarczony na \u017c\u0105danie lub do zastosowa\u0144 szczeg\u00f3lnie agresywnych dost\u0119pne s\u0105 elastomery FFKM lub FFPM.[\/vc_column_text][\/vc_column][\/vc_row][vc_row lg_spacing=&#8221;padding_top:30&#8243;][vc_column][vc_video link=&#8221;https:\/\/www.youtube.com\/watch?v=lAocddxQtPY&#8221; el_width=&#8221;60&#8243; align=&#8221;center&#8221;][\/vc_column][\/vc_row][vc_row lg_spacing=&#8221;padding_top:30&#8243;][vc_column][vc_column_text]<\/p>\n<h4>Broszura:<\/h4>\n<p>[\/vc_column_text][\/vc_column][vc_column width=&#8221;1\/3&#8243;][tm_button size=&#8221;lg&#8221; button=&#8221;url:%2Fwp-content%2Fuploads%2F2021%2F10%2FCompensator_brochure.pdf|title:BROSZURA|target:_blank&#8221; align=&#8221;center&#8221;][\/vc_column][vc_column width=&#8221;1\/3&#8243;][tm_button size=&#8221;lg&#8221; button=&#8221;url:%2Fwp-content%2Fuploads%2F2021%2F10%2FCompensator_technical_data.pdf|title:BROSZURA%202|target:_blank&#8221; align=&#8221;center&#8221;][\/vc_column][vc_column width=&#8221;1\/3&#8243;][\/vc_column][\/vc_row][vc_row lg_spacing=&#8221;padding_top:30&#8243;][vc_column][vc_column_text]<\/p>\n<h4>Wi\u0119cej informacji na stronie producenta:<\/h4>\n<p>[\/vc_column_text][\/vc_column][vc_column width=&#8221;1\/3&#8243;][tm_button size=&#8221;lg&#8221; button=&#8221;url:https%3A%2F%2Fandocksysteme.de%2Fen%2Fprodukte%2Facps-compensators%2F|title:PRODUCENT|target:_blank&#8221; align=&#8221;center&#8221;][\/vc_column][vc_column width=&#8221;1\/3&#8243;][\/vc_column][vc_column width=&#8221;1\/3&#8243;][\/vc_column][\/vc_row]<\/p>\n","protected":false},"excerpt":{"rendered":"Elastyczny, solidny i zgodny z FDA. Nasze kompensatory zapewniaj\u0105 elastyczno\u015b\u0107 eliminuj\u0105c\u0105 problemy z niewsp\u00f3\u0142osiowo\u015bci\u0105 oraz umo\u017cliwiaj\u0105 po\u0142\u0105czenia ze sprz\u0119tem procesowym o rygorystycznych wymaganiach dotycz\u0105cych wa\u017cenia. Maj\u0105c to na uwadze, produkcja kompensator\u00f3w i mieszk\u00f3w odbywa si\u0119 zgodnie z najwy\u017cszymi wymaganiami i najwy\u017csz\u0105 jako\u015bci\u0105.","protected":false},"featured_media":18874,"template":"","meta":[],"product_cat":[793,803,805,818,797,806,811,831,819,833,812,821,808,800,823,810,813,798,832],"product_tag":[],"class_list":{"0":"post-18873","1":"product","2":"type-product","3":"status-publish","4":"has-post-thumbnail","6":"product_cat-bioprocesy","7":"product_cat-chemia","8":"product_cat-chemikalia-specjalistyczne","9":"product_cat-farmacja","10":"product_cat-grupy","11":"product_cat-hydrometallurgy-pl","12":"product_cat-komponenty-9","13":"product_cat-komponenty-5","14":"product_cat-obsluga-proszku-2","15":"product_cat-obsluga-proszku","16":"product_cat-ograniczona-obsluga-proszku","17":"product_cat-procesy-inzynieryjne-do-przetwarzania-proszkow","18":"product_cat-rafinerie-i-przemysl-polimerowy","19":"product_cat-rozwiazania","20":"product_cat-rozwiazania-do-transferu-proszku-2","21":"product_cat-rozwiazania-w-zakresie-transportu-materialow-sypkich","22":"product_cat-szczelne-przetwarzanie-produktu-2","23":"product_cat-wedlug-branz","24":"product_cat-zywnosc-i-napoje","25":"pa_supplier-andocksysteme-pl","27":"first","28":"instock","29":"shipping-taxable","30":"purchasable","31":"product-type-simple"},"_links":{"self":[{"href":"https:\/\/thurne.se\/pl\/wp-json\/wp\/v2\/product\/18873","targetHints":{"allow":["GET"]}}],"collection":[{"href":"https:\/\/thurne.se\/pl\/wp-json\/wp\/v2\/product"}],"about":[{"href":"https:\/\/thurne.se\/pl\/wp-json\/wp\/v2\/types\/product"}],"wp:featuredmedia":[{"embeddable":true,"href":"https:\/\/thurne.se\/pl\/wp-json\/wp\/v2\/media\/18874"}],"wp:attachment":[{"href":"https:\/\/thurne.se\/pl\/wp-json\/wp\/v2\/media?parent=18873"}],"wp:term":[{"taxonomy":"product_cat","embeddable":true,"href":"https:\/\/thurne.se\/pl\/wp-json\/wp\/v2\/product_cat?post=18873"},{"taxonomy":"product_tag","embeddable":true,"href":"https:\/\/thurne.se\/pl\/wp-json\/wp\/v2\/product_tag?post=18873"}],"curies":[{"name":"wp","href":"https:\/\/api.w.org\/{rel}","templated":true}]}}