{"id":18866,"date":"2021-11-03T18:59:19","date_gmt":"2021-11-03T17:59:19","guid":{"rendered":"https:\/\/thurne.se\/product\/containment-system-transferbag\/"},"modified":"2025-05-26T10:45:20","modified_gmt":"2025-05-26T08:45:20","slug":"system-ograniczajacy-transferbag","status":"publish","type":"product","link":"https:\/\/thurne.se\/pl\/produkt\/system-ograniczajacy-transferbag\/","title":{"rendered":"System ograniczaj\u0105cy TransferBag"},"content":{"rendered":"<p>[vc_row][vc_column][vc_column_text]W wersji standardowej dost\u0119pna jest trwa\u0142a folia antystatyczna a na \u017cyczenie torby mog\u0105 by\u0107 r\u00f3wnie\u017c produkowane w czystej przestrzeni z folii dostosowanej do potrzeb klienta.[\/vc_column_text][\/vc_column][\/vc_row][vc_row lg_spacing=&#8221;padding_top:30&#8243;][vc_column][vc_video link=&#8221;https:\/\/www.youtube.com\/watch?v=81od2GF52_E&#8221; el_width=&#8221;60&#8243; align=&#8221;center&#8221;][\/vc_column][\/vc_row][vc_row lg_spacing=&#8221;padding_top:30&#8243;][vc_column][vc_video link=&#8221;https:\/\/www.youtube.com\/watch?v=1_2bQ84YagA&#8221; el_width=&#8221;60&#8243; align=&#8221;center&#8221;][\/vc_column][\/vc_row][vc_row][vc_column][vc_column_text]<\/p>\n<h4>Broszura:<\/h4>\n<p>[\/vc_column_text][\/vc_column][vc_column width=&#8221;1\/3&#8243;][tm_button size=&#8221;lg&#8221; button=&#8221;url:https%3A%2F%2Fthurne.se%2Fwp-content%2Fuploads%2F2021%2F12%2FLugaia_TransferBag-System_EN-2.pdf|title:BROSZURA|target:_blank&#8221; align=&#8221;center&#8221;][\/vc_column][vc_column width=&#8221;1\/3&#8243;][\/vc_column][vc_column width=&#8221;1\/3&#8243;][\/vc_column][\/vc_row][vc_row][vc_column][vc_empty_space height=&#8221;30px&#8221;][vc_column_text]<\/p>\n<h4>Wi\u0119cej informacji na stronie producenta:<\/h4>\n<p>[\/vc_column_text][\/vc_column][vc_column width=&#8221;1\/3&#8243;][tm_button size=&#8221;lg&#8221; button=&#8221;url:https%3A%2F%2Fwww.lugaia.ch%2Fen%2Fproducts-solutions%2Ftransferbag-system%2Fsafeport-transferbag-patented-22|title:PRODUCENT|target:_blank&#8221; align=&#8221;center&#8221;][\/vc_column][vc_column width=&#8221;1\/3&#8243;][\/vc_column][vc_column width=&#8221;1\/3&#8243;][\/vc_column][\/vc_row]<\/p>\n","protected":false},"excerpt":{"rendered":"Transfer ma\u0142ych ilo\u015bci. Lugaia TransferBags spe\u0142niaj\u0105 wysokie wymagania w sektorze farmaceutycznym i biotechnologicznym i odpowiadaj\u0105 za transfer produkt\u00f3w w ma\u0142ych ilo\u015bciach. W zale\u017cno\u015bci od zastosowania wybierane s\u0105 opymalne parametry odnosz\u0105ce si\u0119 rozmiar\u00f3w i typ\u00f3w po\u0142\u0105cze\u0144.","protected":false},"featured_media":18867,"template":"","meta":[],"product_cat":[793,803,805,818,806,811,814,817,827,819,812,828,821,808,800,822,823,810,820,829,813,824,798,816],"product_tag":[],"class_list":{"0":"post-18866","1":"product","2":"type-product","3":"status-publish","4":"has-post-thumbnail","6":"product_cat-bioprocesy","7":"product_cat-chemia","8":"product_cat-chemikalia-specjalistyczne","9":"product_cat-farmacja","10":"product_cat-hydrometallurgy-pl","11":"product_cat-komponenty-9","12":"product_cat-ladowanie-reaktora-zamknietego","13":"product_cat-mieszanie-mielenie-i-przesiewanie","14":"product_cat-milling-and-sieving-pl","15":"product_cat-obsluga-proszku-2","16":"product_cat-ograniczona-obsluga-proszku","17":"product_cat-powder-mixing-and-scaling-pl","18":"product_cat-procesy-inzynieryjne-do-przetwarzania-proszkow","19":"product_cat-rafinerie-i-przemysl-polimerowy","20":"product_cat-rozwiazania","21":"product_cat-rozwiazania-do-transferu-proszku","22":"product_cat-rozwiazania-do-transferu-proszku-2","23":"product_cat-rozwiazania-w-zakresie-transportu-materialow-sypkich","24":"product_cat-sprzet-do-obslugi-proszku","25":"product_cat-system-transferu-proszku","26":"product_cat-szczelne-przetwarzanie-produktu-2","27":"product_cat-torby-transferowe","28":"product_cat-wedlug-branz","29":"product_cat-wysokiej-klasy-system-dozowania","30":"pa_supplier-lugaia-pl","32":"first","33":"instock","34":"shipping-taxable","35":"purchasable","36":"product-type-simple"},"_links":{"self":[{"href":"https:\/\/thurne.se\/pl\/wp-json\/wp\/v2\/product\/18866","targetHints":{"allow":["GET"]}}],"collection":[{"href":"https:\/\/thurne.se\/pl\/wp-json\/wp\/v2\/product"}],"about":[{"href":"https:\/\/thurne.se\/pl\/wp-json\/wp\/v2\/types\/product"}],"wp:featuredmedia":[{"embeddable":true,"href":"https:\/\/thurne.se\/pl\/wp-json\/wp\/v2\/media\/18867"}],"wp:attachment":[{"href":"https:\/\/thurne.se\/pl\/wp-json\/wp\/v2\/media?parent=18866"}],"wp:term":[{"taxonomy":"product_cat","embeddable":true,"href":"https:\/\/thurne.se\/pl\/wp-json\/wp\/v2\/product_cat?post=18866"},{"taxonomy":"product_tag","embeddable":true,"href":"https:\/\/thurne.se\/pl\/wp-json\/wp\/v2\/product_tag?post=18866"}],"curies":[{"name":"wp","href":"https:\/\/api.w.org\/{rel}","templated":true}]}}