{"id":18864,"date":"2021-11-04T10:12:43","date_gmt":"2021-11-04T09:12:43","guid":{"rendered":"https:\/\/thurne.se\/product\/containment-system-safeport-bag\/"},"modified":"2025-05-28T15:11:45","modified_gmt":"2025-05-28T13:11:45","slug":"torba-safeport-z-systemem-przechowywania","status":"publish","type":"product","link":"https:\/\/thurne.se\/pl\/produkt\/torba-safeport-z-systemem-przechowywania\/","title":{"rendered":"Torba SafePort z systemem przechowywania"},"content":{"rendered":"<p>[vc_row][vc_column][vc_column_text]Cechy:<br \/>\n\u2013 Ekonomiczna wersja jednokierunkowa zapewniaj\u0105ca bezpieczny transfer (poziom zabezpieczenia &lt;1\u0106\u00a6g prom m3)<br \/>\n\u2013 Produkcja pomieszcze\u0144 czystych zgodnie z najnowszymi wytycznymi, z certyfikatami USP\/EP<br \/>\n\u2013 Dost\u0119pne wersje standardowe dla wersji farmaceutycznej i chemicznej<br \/>\nDost\u0119pne s\u0105 wersje specjalne z r\u0119kawami do pobierania pr\u00f3bek i foliami dostosowanymi do indywidualnych potrzeb<br \/>\n\u2013 Dost\u0119pna zmienna obj\u0119to\u015b\u0107 od 5 do 40 litr\u00f3w<br \/>\n\u2013 Brak strat produktu podczas opr\u00f3\u017cniania.[\/vc_column_text][\/vc_column][\/vc_row][vc_row lg_spacing=&#8221;padding_top:30&#8243;][vc_column][vc_column_text]<\/p>\n<h4>This video shows how the contained powder handling equipment Lugaia SafePort TransferBag is connected to the Fitzpatrick Lab Compaction System (LCS)<\/h4>\n<p>[\/vc_column_text][\/vc_column][\/vc_row][vc_row lg_spacing=&#8221;padding_top:30&#8243;][vc_column][vc_video link=&#8221;https:\/\/www.youtube.com\/watch?v=81od2GF52_E&#8221; el_width=&#8221;60&#8243; align=&#8221;center&#8221;][\/vc_column][\/vc_row][vc_row lg_spacing=&#8221;padding_top:30&#8243;][vc_column][vc_column_text]<\/p>\n<h4>This video shows how the contained powder processing equipment Lugaia SafePort TransferBag is connected to the Quadro Scalable Lab System (SLS)<\/h4>\n<p>[\/vc_column_text][\/vc_column][\/vc_row][vc_row lg_spacing=&#8221;padding_top:30&#8243;][vc_column][vc_video link=&#8221;https:\/\/www.youtube.com\/watch?v=1_2bQ84YagA&#8221; el_width=&#8221;60&#8243; align=&#8221;center&#8221;][\/vc_column][\/vc_row][vc_row lg_spacing=&#8221;padding_top:30&#8243;][vc_column][vc_column_text]<\/p>\n<h4>This video shows handling of the Lugaia SafePort TransferBag. It shows the subsequent loading by mounting aid.<\/h4>\n<p>[\/vc_column_text][\/vc_column][\/vc_row][vc_row lg_spacing=&#8221;padding_top:30&#8243;][vc_column][vc_video link=&#8221;https:\/\/vimeo.com\/995834955&#8243; el_width=&#8221;60&#8243; align=&#8221;center&#8221;][\/vc_column][\/vc_row][vc_row lg_spacing=&#8221;padding_top:30&#8243;][vc_column][vc_column_text]<\/p>\n<h4>Broszura:<\/h4>\n<p>[\/vc_column_text][\/vc_column][vc_column width=&#8221;1\/3&#8243;][tm_button size=&#8221;lg&#8221; button=&#8221;url:https%3A%2F%2Fthurne.se%2Fwp-content%2Fuploads%2F2021%2F12%2FLugaia_TransferBag-System_EN-2.pdf|title:BROSZURA|target:_blank&#8221; align=&#8221;center&#8221;][\/vc_column][vc_column width=&#8221;1\/3&#8243;][\/vc_column][vc_column width=&#8221;1\/3&#8243;][\/vc_column][\/vc_row][vc_row lg_spacing=&#8221;padding_top:30&#8243;][vc_column][vc_column_text]<\/p>\n<h4>Wi\u0119cej informacji na stronie producenta:<\/h4>\n<p>[\/vc_column_text][\/vc_column][vc_column width=&#8221;1\/3&#8243;][tm_button size=&#8221;lg&#8221; button=&#8221;url:https%3A%2F%2Fwww.lugaia.ch%2Fen%2Fproducts-solutions%2Ftransferbag-system%2Fsafeport-transferbag-patented-22|title:PRODUCENT|target:_blank&#8221; align=&#8221;center&#8221;][\/vc_column][vc_column width=&#8221;1\/3&#8243;][\/vc_column][vc_column width=&#8221;1\/3&#8243;][\/vc_column][\/vc_row]<\/p>\n","protected":false},"excerpt":{"rendered":"Bezzanieczyszczaj\u0105cy transfer produktu za pomoc\u0105 torby Safeport. Przedstawiamy najta\u0144szy produkt z poziomem szczelno\u015bci OEB 5 (&lt;1 \u00b5g na m3). Przy opracowywaniu nowej torby SafePort najwy\u017cszym priorytetem dla firmy Lugaia by\u0142a \u0142atwa obs\u0142uga, wysokie bezpiecze\u0144stwo, uniwersalna u\u017cyteczno\u015b\u0107 i jako\u015b\u0107. Konstrukcja torby SafePort zosta\u0142a zaprojektowana tak, aby nie marnowa\u0107 produkt\u00f3w i zagwarantowa\u0107 wysok\u0105 wydajno\u015b\u0107 produktu","protected":false},"featured_media":18865,"template":"","meta":[],"product_cat":[793,803,805,818,797,806,811,814,817,819,812,821,808,800,822,823,810,820,815,813,824,798,816],"product_tag":[],"class_list":{"0":"post-18864","1":"product","2":"type-product","3":"status-publish","4":"has-post-thumbnail","6":"product_cat-bioprocesy","7":"product_cat-chemia","8":"product_cat-chemikalia-specjalistyczne","9":"product_cat-farmacja","10":"product_cat-grupy","11":"product_cat-hydrometallurgy-pl","12":"product_cat-komponenty-9","13":"product_cat-ladowanie-reaktora-zamknietego","14":"product_cat-mieszanie-mielenie-i-przesiewanie","15":"product_cat-obsluga-proszku-2","16":"product_cat-ograniczona-obsluga-proszku","17":"product_cat-procesy-inzynieryjne-do-przetwarzania-proszkow","18":"product_cat-rafinerie-i-przemysl-polimerowy","19":"product_cat-rozwiazania","20":"product_cat-rozwiazania-do-transferu-proszku","21":"product_cat-rozwiazania-do-transferu-proszku-2","22":"product_cat-rozwiazania-w-zakresie-transportu-materialow-sypkich","23":"product_cat-sprzet-do-obslugi-proszku","24":"product_cat-system-ograniczajacy","25":"product_cat-szczelne-przetwarzanie-produktu-2","26":"product_cat-torby-transferowe","27":"product_cat-wedlug-branz","28":"product_cat-wysokiej-klasy-system-dozowania","29":"pa_supplier-lugaia-pl","31":"first","32":"instock","33":"shipping-taxable","34":"purchasable","35":"product-type-simple"},"_links":{"self":[{"href":"https:\/\/thurne.se\/pl\/wp-json\/wp\/v2\/product\/18864","targetHints":{"allow":["GET"]}}],"collection":[{"href":"https:\/\/thurne.se\/pl\/wp-json\/wp\/v2\/product"}],"about":[{"href":"https:\/\/thurne.se\/pl\/wp-json\/wp\/v2\/types\/product"}],"wp:featuredmedia":[{"embeddable":true,"href":"https:\/\/thurne.se\/pl\/wp-json\/wp\/v2\/media\/18865"}],"wp:attachment":[{"href":"https:\/\/thurne.se\/pl\/wp-json\/wp\/v2\/media?parent=18864"}],"wp:term":[{"taxonomy":"product_cat","embeddable":true,"href":"https:\/\/thurne.se\/pl\/wp-json\/wp\/v2\/product_cat?post=18864"},{"taxonomy":"product_tag","embeddable":true,"href":"https:\/\/thurne.se\/pl\/wp-json\/wp\/v2\/product_tag?post=18864"}],"curies":[{"name":"wp","href":"https:\/\/api.w.org\/{rel}","templated":true}]}}