{"id":18861,"date":"2021-11-03T18:59:18","date_gmt":"2021-11-03T17:59:18","guid":{"rendered":"https:\/\/thurne.se\/product\/columns-in-exotic-metals-nicke-alloys-zirconium-titanium-duplex-etc\/"},"modified":"2025-05-26T10:33:06","modified_gmt":"2025-05-26T08:33:06","slug":"kolumny-z-metali-egzotycznych-stopy-niklu-cyrkonu-tytanu-dupleksu-itp","status":"publish","type":"product","link":"https:\/\/thurne.se\/pl\/produkt\/kolumny-z-metali-egzotycznych-stopy-niklu-cyrkonu-tytanu-dupleksu-itp\/","title":{"rendered":"Kolumny z metali egzotycznych (stopy niklu, cyrkonu, tytanu, dupleksu itp.)"},"content":{"rendered":"<p>[vc_row][vc_column][vc_column_text]Cyrkon nadaje si\u0119 do \u015brodowisk korozyjnych, takich jak kwas mr\u00f3wkowy, silne roztwory alkaliczne, kwas solny, roztw\u00f3r soli, substancje organiczne, kwas octowy. W przetwarzaniu gazu koksowniczego wymagane s\u0105 kolumny tytanowe.[\/vc_column_text][\/vc_column][\/vc_row][vc_row lg_spacing=&#8221;padding_top:30&#8243;][vc_column][vc_column_text]<\/p>\n<h4>Broszura:<\/h4>\n<p>[\/vc_column_text][\/vc_column][vc_column width=&#8221;1\/3&#8243;][tm_button size=&#8221;lg&#8221; button=&#8221;url:%2Fwp-content%2Fuploads%2F2021%2F10%2F5-ace-columns-reactors-pressure-vessels-mersen.pdf|title:BROSZURA|target:_blank&#8221; align=&#8221;center&#8221;][\/vc_column][vc_column width=&#8221;1\/3&#8243;][\/vc_column][vc_column width=&#8221;1\/3&#8243;][\/vc_column][\/vc_row][vc_row lg_spacing=&#8221;padding_top:30&#8243;][vc_column][vc_column_text]<\/p>\n<h4>Wi\u0119cej informacji na stronie producenta:<\/h4>\n<p>[\/vc_column_text][\/vc_column][vc_column width=&#8221;1\/3&#8243;][tm_button size=&#8221;lg&#8221; button=&#8221;url:http%3A%2F%2Fwww.mersen.com%2Fproducts%2Fanticorrosion-equipment%2Fcolumns-reactors-and-pressure-vessels|title:PRODUCENT|target:_blank&#8221; align=&#8221;center&#8221;][\/vc_column][vc_column width=&#8221;1\/3&#8243;][\/vc_column][vc_column width=&#8221;1\/3&#8243;][\/vc_column][\/vc_row]<\/p>\n","protected":false},"excerpt":{"rendered":"Dost\u0119pne s\u0105 zar\u00f3wno wysokostabilne kolumny pokryte cyrkonem a tak\u017ce kolumny ze stop\u00f3w tytanu i niklu do zastosowa\u0144 takich jak odkwaszanie, absorpcja i rozdzielanie.","protected":false},"featured_media":18862,"template":"","meta":[],"product_cat":[803,805,806,804,808,800,798,807],"product_tag":[],"class_list":{"0":"post-18861","1":"product","2":"type-product","3":"status-publish","4":"has-post-thumbnail","6":"product_cat-chemia","7":"product_cat-chemikalia-specjalistyczne","8":"product_cat-hydrometallurgy-pl","9":"product_cat-odpornosc-na-korozje-2","10":"product_cat-rafinerie-i-przemysl-polimerowy","11":"product_cat-rozwiazania","12":"product_cat-wedlug-branz","13":"product_cat-zbiorniki-cisnieniowe","14":"pa_supplier-mersen-pl","16":"first","17":"instock","18":"shipping-taxable","19":"purchasable","20":"product-type-simple"},"_links":{"self":[{"href":"https:\/\/thurne.se\/pl\/wp-json\/wp\/v2\/product\/18861","targetHints":{"allow":["GET"]}}],"collection":[{"href":"https:\/\/thurne.se\/pl\/wp-json\/wp\/v2\/product"}],"about":[{"href":"https:\/\/thurne.se\/pl\/wp-json\/wp\/v2\/types\/product"}],"wp:featuredmedia":[{"embeddable":true,"href":"https:\/\/thurne.se\/pl\/wp-json\/wp\/v2\/media\/18862"}],"wp:attachment":[{"href":"https:\/\/thurne.se\/pl\/wp-json\/wp\/v2\/media?parent=18861"}],"wp:term":[{"taxonomy":"product_cat","embeddable":true,"href":"https:\/\/thurne.se\/pl\/wp-json\/wp\/v2\/product_cat?post=18861"},{"taxonomy":"product_tag","embeddable":true,"href":"https:\/\/thurne.se\/pl\/wp-json\/wp\/v2\/product_tag?post=18861"}],"curies":[{"name":"wp","href":"https:\/\/api.w.org\/{rel}","templated":true}]}}