{"id":18856,"date":"2021-11-03T18:59:16","date_gmt":"2021-11-03T17:59:16","guid":{"rendered":"https:\/\/thurne.se\/product\/bioreactor-fermenter-plant\/"},"modified":"2025-05-26T10:22:28","modified_gmt":"2025-05-26T08:22:28","slug":"bioreaktor-fermentator","status":"publish","type":"product","link":"https:\/\/thurne.se\/pl\/produkt\/bioreaktor-fermentator\/","title":{"rendered":"Bioreaktor\/fermentator"},"content":{"rendered":"<p>[vc_row][vc_column][vc_column_text]<\/p>\n<h4>Wi\u0119cej informacji na stronie producenta:<\/h4>\n<p>[\/vc_column_text][\/vc_column][vc_column width=&#8221;1\/3&#8243;][tm_button size=&#8221;lg&#8221; button=&#8221;url:http%3A%2F%2Fbioengineering.ch%2Fplants|title:PRODUCENT|target:_blank&#8221; align=&#8221;center&#8221;][\/vc_column][vc_column width=&#8221;1\/3&#8243;][\/vc_column][vc_column width=&#8221;1\/3&#8243;][\/vc_column][\/vc_row]<\/p>\n","protected":false},"excerpt":{"rendered":"Od niewielkich po du\u017ce, dostosowane do potrzeb instalacje dla zastosowa\u0144 kom\u00f3rkowych a tak\u017ce tych zwi\u0105zanych z bakteriami i dro\u017cd\u017cami. Instalacje i systemy firmy Bioengineering s\u0105 zgodne ze wszystkimi powszechnymi normami GMP i ASME BPE oraz s\u0105 dok\u0142adnie testowane i kwalifikowane. Kilkudziesi\u0119cioletnie do\u015bwiadczenie w budowie obiekt\u00f3w laboratoryjnych i produkcyjnych. Wysokiej klasy automatyzacja urz\u0105dze\u0144 i system\u00f3w tworzy najwy\u017csze standardy w zakresie bezpiecze\u0144stwa os\u00f3b i produkt\u00f3w.","protected":false},"featured_media":18857,"template":"","meta":[],"product_cat":[793,794,795,797,799,800,796,798],"product_tag":[],"class_list":{"0":"post-18856","1":"product","2":"type-product","3":"status-publish","4":"has-post-thumbnail","6":"product_cat-bioprocesy","7":"product_cat-bioprocesy-2","8":"product_cat-bioreaktor-fermentor","9":"product_cat-grupy","10":"product_cat-reaktor-i-zbiornik","11":"product_cat-rozwiazania","12":"product_cat-uprawa","13":"product_cat-wedlug-branz","14":"pa_supplier-bioengineering-pl","16":"first","17":"instock","18":"shipping-taxable","19":"purchasable","20":"product-type-simple"},"_links":{"self":[{"href":"https:\/\/thurne.se\/pl\/wp-json\/wp\/v2\/product\/18856","targetHints":{"allow":["GET"]}}],"collection":[{"href":"https:\/\/thurne.se\/pl\/wp-json\/wp\/v2\/product"}],"about":[{"href":"https:\/\/thurne.se\/pl\/wp-json\/wp\/v2\/types\/product"}],"wp:featuredmedia":[{"embeddable":true,"href":"https:\/\/thurne.se\/pl\/wp-json\/wp\/v2\/media\/18857"}],"wp:attachment":[{"href":"https:\/\/thurne.se\/pl\/wp-json\/wp\/v2\/media?parent=18856"}],"wp:term":[{"taxonomy":"product_cat","embeddable":true,"href":"https:\/\/thurne.se\/pl\/wp-json\/wp\/v2\/product_cat?post=18856"},{"taxonomy":"product_tag","embeddable":true,"href":"https:\/\/thurne.se\/pl\/wp-json\/wp\/v2\/product_tag?post=18856"}],"curies":[{"name":"wp","href":"https:\/\/api.w.org\/{rel}","templated":true}]}}